{"id":24,"date":"2018-03-22T14:07:09","date_gmt":"2018-03-22T13:07:09","guid":{"rendered":"http:\/\/www.authorityservice.com\/new\/?page_id=24"},"modified":"2025-06-17T14:06:37","modified_gmt":"2025-06-17T12:06:37","slug":"technicky-dozor-investora","status":"publish","type":"page","link":"https:\/\/www.authorityservice.com\/cs\/technicky-dozor-investora\/","title":{"rendered":"Technick\u00fd dozor investora"},"content":{"rendered":"<p>[vc_row row_content_width=&#8220;grid&#8220; css=&#8220;.vc_custom_1750161965453{margin-right: 80px !important;margin-left: 80px !important;}&#8220;][vc_column][vc_column_text]<\/p>\n<h3 style=\"text-align: center;\">Zastupujeme investora p\u0159i v\u00fdstavb\u011b. Hl\u00edd\u00e1me kvalitu, term\u00edny i rozpo\u010det \u2013 a p\u0159edev\u0161\u00edm va\u0161e z\u00e1jmy.<\/h3>\n<h4 style=\"text-align: center;\">Co pro v\u00e1s zajist\u00edme?<\/h4>\n<p style=\"text-align: center;\" data-start=\"332\" data-end=\"387\">\u2022 Dohled nad dodr\u017eov\u00e1n\u00edm projektov\u00e9 dokumentace a norem<br \/>\n\u2022 Kontrolu prov\u00e1d\u011bn\u00fdch prac\u00ed a pou\u017eit\u00fdch materi\u00e1l\u016f<br \/>\n\u2022 Pravidelnou \u00fa\u010dast na kontroln\u00edch dnech a veden\u00ed z\u00e1znam\u016f<br \/>\n\u2022 Upozorn\u011bn\u00ed na vady, rizika a nedod\u011blky<br \/>\n\u2022 Komunikaci se zhotovitelem i projektantem<br \/>\n\u2022 Kontrolu fakturace a soulad s rozpo\u010dtem<\/p>\n<p>[\/vc_column_text][\/vc_column][\/vc_row]<\/p>\n","protected":false},"excerpt":{"rendered":"<p>[vc_row row_content_width=&#8220;grid&#8220; css=&#8220;.vc_custom_1750161965453{margin-right: 80px !important;margin-left: 80px !important;}&#8220;][vc_column][vc_column_text] Zastupujeme investora p\u0159i v\u00fdstavb\u011b. Hl\u00edd\u00e1me kvalitu, term\u00edny i rozpo\u010det \u2013 a p\u0159edev\u0161\u00edm va\u0161e z\u00e1jmy. Co pro v\u00e1s zajist\u00edme? \u2022 Dohled nad dodr\u017eov\u00e1n\u00edm projektov\u00e9 dokumentace a norem \u2022 Kontrolu prov\u00e1d\u011bn\u00fdch prac\u00ed a pou\u017eit\u00fdch materi\u00e1l\u016f \u2022 Pravidelnou \u00fa\u010dast na kontroln\u00edch dnech a veden\u00ed z\u00e1znam\u016f \u2022 Upozorn\u011bn\u00ed na vady, rizika a&hellip;&nbsp;<a href=\"https:\/\/www.authorityservice.com\/cs\/technicky-dozor-investora\/\" rel=\"bookmark\"><span class=\"screen-reader-text\">Technick\u00fd dozor investora<\/span><\/a><\/p>\n","protected":false},"author":1,"featured_media":0,"parent":0,"menu_order":0,"comment_status":"closed","ping_status":"closed","template":"","meta":{"neve_meta_sidebar":"","neve_meta_container":"","neve_meta_enable_content_width":"off","neve_meta_content_width":100,"neve_meta_title_alignment":"","neve_meta_author_avatar":"","neve_post_elements_order":"","neve_meta_disable_header":"","neve_meta_disable_footer":"","neve_meta_disable_title":"","footnotes":""},"class_list":["post-24","page","type-page","status-publish","hentry"],"_links":{"self":[{"href":"https:\/\/www.authorityservice.com\/cs\/wp-json\/wp\/v2\/pages\/24","targetHints":{"allow":["GET"]}}],"collection":[{"href":"https:\/\/www.authorityservice.com\/cs\/wp-json\/wp\/v2\/pages"}],"about":[{"href":"https:\/\/www.authorityservice.com\/cs\/wp-json\/wp\/v2\/types\/page"}],"author":[{"embeddable":true,"href":"https:\/\/www.authorityservice.com\/cs\/wp-json\/wp\/v2\/users\/1"}],"replies":[{"embeddable":true,"href":"https:\/\/www.authorityservice.com\/cs\/wp-json\/wp\/v2\/comments?post=24"}],"version-history":[{"count":8,"href":"https:\/\/www.authorityservice.com\/cs\/wp-json\/wp\/v2\/pages\/24\/revisions"}],"predecessor-version":[{"id":781,"href":"https:\/\/www.authorityservice.com\/cs\/wp-json\/wp\/v2\/pages\/24\/revisions\/781"}],"wp:attachment":[{"href":"https:\/\/www.authorityservice.com\/cs\/wp-json\/wp\/v2\/media?parent=24"}],"curies":[{"name":"wp","href":"https:\/\/api.w.org\/{rel}","templated":true}]}}