{"id":22,"date":"2018-03-22T14:06:51","date_gmt":"2018-03-22T13:06:51","guid":{"rendered":"http:\/\/www.authorityservice.com\/new\/?page_id=22"},"modified":"2025-06-17T14:05:29","modified_gmt":"2025-06-17T12:05:29","slug":"page_id22","status":"publish","type":"page","link":"https:\/\/www.authorityservice.com\/cs\/page_id22\/","title":{"rendered":"Koordin\u00e1tor BOZP"},"content":{"rendered":"<p>[vc_row row_content_width=&#8220;grid&#8220; css=&#8220;.vc_custom_1750161919473{margin-right: 80px !important;margin-left: 80px !important;}&#8220;][vc_column][vc_column_text]<\/p>\n<h3 style=\"text-align: center;\"><b>Zaji\u0161\u0165ujeme bezpe\u010dnost na stavb\u00e1ch od pl\u00e1nov\u00e1n\u00ed a\u017e po kolaudaci. Koordinujeme dodavatele, hl\u00edd\u00e1me rizika, vedeme dokumentaci. Jednodu\u0161e \u2013 dr\u017e\u00edme bezpe\u010dnost pevn\u011b v rukou.<\/b><\/h3>\n<h4 style=\"text-align: center;\">Co obn\u00e1\u0161\u00ed na\u0161e pr\u00e1ce?<\/h4>\n<p style=\"text-align: center;\">\u2022 Vypracov\u00e1n\u00ed pl\u00e1nu BOZP pro staveni\u0161t\u011b<br \/>\n\u2022 Koordinace \u010dinnost\u00ed v\u00edce zhotovitel\u016f<br \/>\n\u2022 Kontroly a z\u00e1pisy ze stavby<br \/>\n\u2022 \u0160kolen\u00ed osob vstupuj\u00edc\u00edch na staveni\u0161t\u011b<br \/>\n\u2022 Dohled nad bezpe\u010dnost\u00ed b\u011bhem cel\u00e9 realizace<br \/>\n\u2022 Komunikace s kontroln\u00edmi org\u00e1ny<br \/>\n\u2022 \u00da\u010dast na kontroln\u00edch dnech stavby<br \/>\n\u2022 Veden\u00ed kontroln\u00edch dn\u00ed k zaji\u0161t\u011bn\u00ed BOZP na staveni\u0161ti<br \/>\n\u2022 V\u00fdkon v\u0161ech ostatn\u00edch \u010dinnost\u00ed koordin\u00e1tora na staveni\u0161ti dle platn\u00fdch p\u0159edpis\u016f<\/p>\n<p>[\/vc_column_text][\/vc_column][\/vc_row]<\/p>\n","protected":false},"excerpt":{"rendered":"<p>[vc_row row_content_width=&#8220;grid&#8220; css=&#8220;.vc_custom_1750161919473{margin-right: 80px !important;margin-left: 80px !important;}&#8220;][vc_column][vc_column_text] Zaji\u0161\u0165ujeme bezpe\u010dnost na stavb\u00e1ch od pl\u00e1nov\u00e1n\u00ed a\u017e po kolaudaci. Koordinujeme dodavatele, hl\u00edd\u00e1me rizika, vedeme dokumentaci. Jednodu\u0161e \u2013 dr\u017e\u00edme bezpe\u010dnost pevn\u011b v rukou. Co obn\u00e1\u0161\u00ed na\u0161e pr\u00e1ce? \u2022 Vypracov\u00e1n\u00ed pl\u00e1nu BOZP pro staveni\u0161t\u011b \u2022 Koordinace \u010dinnost\u00ed v\u00edce zhotovitel\u016f \u2022 Kontroly a z\u00e1pisy ze stavby \u2022 \u0160kolen\u00ed osob vstupuj\u00edc\u00edch na&hellip;&nbsp;<a href=\"https:\/\/www.authorityservice.com\/cs\/page_id22\/\" rel=\"bookmark\"><span class=\"screen-reader-text\">Koordin\u00e1tor BOZP<\/span><\/a><\/p>\n","protected":false},"author":1,"featured_media":0,"parent":0,"menu_order":0,"comment_status":"closed","ping_status":"closed","template":"","meta":{"neve_meta_sidebar":"","neve_meta_container":"","neve_meta_enable_content_width":"off","neve_meta_content_width":100,"neve_meta_title_alignment":"","neve_meta_author_avatar":"","neve_post_elements_order":"","neve_meta_disable_header":"","neve_meta_disable_footer":"","neve_meta_disable_title":"","footnotes":""},"class_list":["post-22","page","type-page","status-publish","hentry"],"_links":{"self":[{"href":"https:\/\/www.authorityservice.com\/cs\/wp-json\/wp\/v2\/pages\/22","targetHints":{"allow":["GET"]}}],"collection":[{"href":"https:\/\/www.authorityservice.com\/cs\/wp-json\/wp\/v2\/pages"}],"about":[{"href":"https:\/\/www.authorityservice.com\/cs\/wp-json\/wp\/v2\/types\/page"}],"author":[{"embeddable":true,"href":"https:\/\/www.authorityservice.com\/cs\/wp-json\/wp\/v2\/users\/1"}],"replies":[{"embeddable":true,"href":"https:\/\/www.authorityservice.com\/cs\/wp-json\/wp\/v2\/comments?post=22"}],"version-history":[{"count":10,"href":"https:\/\/www.authorityservice.com\/cs\/wp-json\/wp\/v2\/pages\/22\/revisions"}],"predecessor-version":[{"id":779,"href":"https:\/\/www.authorityservice.com\/cs\/wp-json\/wp\/v2\/pages\/22\/revisions\/779"}],"wp:attachment":[{"href":"https:\/\/www.authorityservice.com\/cs\/wp-json\/wp\/v2\/media?parent=22"}],"curies":[{"name":"wp","href":"https:\/\/api.w.org\/{rel}","templated":true}]}}