{"id":20,"date":"2018-03-22T14:06:36","date_gmt":"2018-03-22T13:06:36","guid":{"rendered":"http:\/\/www.authorityservice.com\/new\/?page_id=20"},"modified":"2025-06-17T14:08:12","modified_gmt":"2025-06-17T12:08:12","slug":"pozarni-ochrana","status":"publish","type":"page","link":"https:\/\/www.authorityservice.com\/cs\/pozarni-ochrana\/","title":{"rendered":"Po\u017e\u00e1rn\u00ed ochrana"},"content":{"rendered":"<p>[vc_row row_content_width=&#8220;grid&#8220; css=&#8220;.vc_custom_1750162020762{margin-right: 80px !important;margin-left: 80px !important;}&#8220;][vc_column][vc_column_text]<\/p>\n<h3 style=\"text-align: center;\"><b>S po\u017e\u00e1rem si nikdo nechce hr\u00e1t. Postar\u00e1me se, aby va\u0161e provozy odpov\u00eddaly p\u0159edpis\u016fm a z\u00e1rove\u0148 byly opravdu bezpe\u010dn\u00e9.<\/b><\/h3>\n<h4 style=\"text-align: center;\">Co nab\u00edz\u00edme?<\/h4>\n<p style=\"text-align: center;\">\u2022 Zpracov\u00e1n\u00ed dokumentace PO a za\u010dlen\u011bn\u00ed \u010dinnost\u00ed<br \/>\n\u2022 Prov\u00e1d\u011bn\u00ed \u0161kolen\u00ed a praktick\u00fdch n\u00e1cvik\u016f<br \/>\n\u2022 Pravideln\u00e9 kontroly a veden\u00ed z\u00e1znam\u016f<br \/>\n\u2022 N\u00e1vrh a ozna\u010den\u00ed \u00fanikov\u00fdch cest<br \/>\n\u2022 Revize a servis hasic\u00edch p\u0159\u00edstroj\u016f a hydrant\u016f<br \/>\n\u2022 Asistence p\u0159i kontrol\u00e1ch a mimo\u0159\u00e1dn\u00fdch ud\u00e1lostech<br \/>\n\u2022 Vedeni po\u017e\u00e1rn\u00ed knihy<br \/>\n\u2022 Ve\u0161ker\u00e9 dal\u0161\u00ed slu\u017eby t\u00fdkaj\u00edc\u00ed se PO<\/p>\n<p>[\/vc_column_text][\/vc_column][\/vc_row]<\/p>\n","protected":false},"excerpt":{"rendered":"<p>[vc_row row_content_width=&#8220;grid&#8220; css=&#8220;.vc_custom_1750162020762{margin-right: 80px !important;margin-left: 80px !important;}&#8220;][vc_column][vc_column_text] S po\u017e\u00e1rem si nikdo nechce hr\u00e1t. Postar\u00e1me se, aby va\u0161e provozy odpov\u00eddaly p\u0159edpis\u016fm a z\u00e1rove\u0148 byly opravdu bezpe\u010dn\u00e9. Co nab\u00edz\u00edme? \u2022 Zpracov\u00e1n\u00ed dokumentace PO a za\u010dlen\u011bn\u00ed \u010dinnost\u00ed \u2022 Prov\u00e1d\u011bn\u00ed \u0161kolen\u00ed a praktick\u00fdch n\u00e1cvik\u016f \u2022 Pravideln\u00e9 kontroly a veden\u00ed z\u00e1znam\u016f \u2022 N\u00e1vrh a ozna\u010den\u00ed \u00fanikov\u00fdch cest \u2022 Revize a&hellip;&nbsp;<a href=\"https:\/\/www.authorityservice.com\/cs\/pozarni-ochrana\/\" rel=\"bookmark\"><span class=\"screen-reader-text\">Po\u017e\u00e1rn\u00ed ochrana<\/span><\/a><\/p>\n","protected":false},"author":1,"featured_media":0,"parent":0,"menu_order":0,"comment_status":"closed","ping_status":"closed","template":"","meta":{"neve_meta_sidebar":"","neve_meta_container":"","neve_meta_enable_content_width":"off","neve_meta_content_width":100,"neve_meta_title_alignment":"","neve_meta_author_avatar":"","neve_post_elements_order":"","neve_meta_disable_header":"","neve_meta_disable_footer":"","neve_meta_disable_title":"","footnotes":""},"class_list":["post-20","page","type-page","status-publish","hentry"],"_links":{"self":[{"href":"https:\/\/www.authorityservice.com\/cs\/wp-json\/wp\/v2\/pages\/20","targetHints":{"allow":["GET"]}}],"collection":[{"href":"https:\/\/www.authorityservice.com\/cs\/wp-json\/wp\/v2\/pages"}],"about":[{"href":"https:\/\/www.authorityservice.com\/cs\/wp-json\/wp\/v2\/types\/page"}],"author":[{"embeddable":true,"href":"https:\/\/www.authorityservice.com\/cs\/wp-json\/wp\/v2\/users\/1"}],"replies":[{"embeddable":true,"href":"https:\/\/www.authorityservice.com\/cs\/wp-json\/wp\/v2\/comments?post=20"}],"version-history":[{"count":11,"href":"https:\/\/www.authorityservice.com\/cs\/wp-json\/wp\/v2\/pages\/20\/revisions"}],"predecessor-version":[{"id":782,"href":"https:\/\/www.authorityservice.com\/cs\/wp-json\/wp\/v2\/pages\/20\/revisions\/782"}],"wp:attachment":[{"href":"https:\/\/www.authorityservice.com\/cs\/wp-json\/wp\/v2\/media?parent=20"}],"curies":[{"name":"wp","href":"https:\/\/api.w.org\/{rel}","templated":true}]}}