{"id":18,"date":"2018-03-22T14:06:18","date_gmt":"2018-03-22T13:06:18","guid":{"rendered":"http:\/\/www.authorityservice.com\/new\/?page_id=18"},"modified":"2025-06-17T14:01:45","modified_gmt":"2025-06-17T12:01:45","slug":"bezpecnost-prace","status":"publish","type":"page","link":"https:\/\/www.authorityservice.com\/cs\/bezpecnost-prace\/","title":{"rendered":"Bezpe\u010dnost a ochrana zdrav\u00ed p\u0159i pr\u00e1ci &#8211; BOZP"},"content":{"rendered":"<p>[vc_row gap=&#8220;10&#8243; row_content_width=&#8220;grid&#8220;][vc_column][vc_column_text css=&#8220;.vc_custom_1750161677469{margin-right: 80px !important;margin-left: 80px !important;}&#8220;]<\/p>\n<h3 style=\"text-align: center;\"><b>Pom\u00e1h\u00e1me firm\u00e1m nastavit a udr\u017eet bezpe\u010dn\u00e9 pracovn\u00ed prost\u0159ed\u00ed. Postar\u00e1me se o to, aby v\u0161e odpov\u00eddalo legislativ\u011b \u2013 efektivn\u011b, bez zbyte\u010dn\u00e9 administrativn\u00ed z\u00e1t\u011b\u017ee.<br \/>\n<\/b><b><\/b><\/h3>\n<h4 style=\"text-align: center;\">Co pro v\u00e1s zajist\u00edme?<\/h4>\n<p style=\"text-align: center;\">\u2022 P\u0159ehlednou dokumentaci BOZP podle aktu\u00e1ln\u00edch p\u0159edpis\u016f<br \/>\n\u2022 Vyhodnocen\u00ed rizik a kategorizaci prac\u00ed podle skute\u010dn\u00fdch podm\u00ednek<br \/>\n\u2022 \u0160kolen\u00ed zam\u011bstnanc\u016f \u2013 srozumiteln\u011b, prakticky, dle po\u017eadavk\u016f<br \/>\n\u2022 Pravideln\u00e9 kontroly a prov\u011brky pracovi\u0161\u0165<br \/>\n\u2022 Poradenstv\u00ed p\u0159i pracovn\u00edch \u00farazech a nemoc\u00edch z povol\u00e1n\u00ed<br \/>\n\u2022 Zastupov\u00e1n\u00ed p\u0159i kontrol\u00e1ch z OIP a dal\u0161\u00edch instituc\u00ed<br \/>\n\u2022 V\u00fdkon OZO v prevenci rizik<br \/>\n\u2022 N\u00e1vrh bezpe\u010dnostn\u00edho zna\u010den\u00ed a provozn\u00edch \u0159\u00e1d\u016f<br \/>\n\u2022 Komplexn\u00ed odborn\u00e9 poradenstv\u00ed v oblasti BOZP<\/p>\n<p>[\/vc_column_text][\/vc_column][\/vc_row]<\/p>\n","protected":false},"excerpt":{"rendered":"<p>[vc_row gap=&#8220;10&#8243; row_content_width=&#8220;grid&#8220;][vc_column][vc_column_text css=&#8220;.vc_custom_1750161677469{margin-right: 80px !important;margin-left: 80px !important;}&#8220;] Pom\u00e1h\u00e1me firm\u00e1m nastavit a udr\u017eet bezpe\u010dn\u00e9 pracovn\u00ed prost\u0159ed\u00ed. Postar\u00e1me se o to, aby v\u0161e odpov\u00eddalo legislativ\u011b \u2013 efektivn\u011b, bez zbyte\u010dn\u00e9 administrativn\u00ed z\u00e1t\u011b\u017ee. Co pro v\u00e1s zajist\u00edme? \u2022 P\u0159ehlednou dokumentaci BOZP podle aktu\u00e1ln\u00edch p\u0159edpis\u016f \u2022 Vyhodnocen\u00ed rizik a kategorizaci prac\u00ed podle skute\u010dn\u00fdch podm\u00ednek \u2022 \u0160kolen\u00ed zam\u011bstnanc\u016f \u2013 srozumiteln\u011b,&hellip;&nbsp;<a href=\"https:\/\/www.authorityservice.com\/cs\/bezpecnost-prace\/\" rel=\"bookmark\"><span class=\"screen-reader-text\">Bezpe\u010dnost a ochrana zdrav\u00ed p\u0159i pr\u00e1ci &#8211; BOZP<\/span><\/a><\/p>\n","protected":false},"author":1,"featured_media":0,"parent":0,"menu_order":0,"comment_status":"closed","ping_status":"closed","template":"","meta":{"neve_meta_sidebar":"","neve_meta_container":"","neve_meta_enable_content_width":"off","neve_meta_content_width":100,"neve_meta_title_alignment":"","neve_meta_author_avatar":"","neve_post_elements_order":"","neve_meta_disable_header":"","neve_meta_disable_footer":"","neve_meta_disable_title":"","footnotes":""},"class_list":["post-18","page","type-page","status-publish","hentry"],"_links":{"self":[{"href":"https:\/\/www.authorityservice.com\/cs\/wp-json\/wp\/v2\/pages\/18","targetHints":{"allow":["GET"]}}],"collection":[{"href":"https:\/\/www.authorityservice.com\/cs\/wp-json\/wp\/v2\/pages"}],"about":[{"href":"https:\/\/www.authorityservice.com\/cs\/wp-json\/wp\/v2\/types\/page"}],"author":[{"embeddable":true,"href":"https:\/\/www.authorityservice.com\/cs\/wp-json\/wp\/v2\/users\/1"}],"replies":[{"embeddable":true,"href":"https:\/\/www.authorityservice.com\/cs\/wp-json\/wp\/v2\/comments?post=18"}],"version-history":[{"count":8,"href":"https:\/\/www.authorityservice.com\/cs\/wp-json\/wp\/v2\/pages\/18\/revisions"}],"predecessor-version":[{"id":777,"href":"https:\/\/www.authorityservice.com\/cs\/wp-json\/wp\/v2\/pages\/18\/revisions\/777"}],"wp:attachment":[{"href":"https:\/\/www.authorityservice.com\/cs\/wp-json\/wp\/v2\/media?parent=18"}],"curies":[{"name":"wp","href":"https:\/\/api.w.org\/{rel}","templated":true}]}}