{"id":16,"date":"2018-03-22T14:05:39","date_gmt":"2018-03-22T13:05:39","guid":{"rendered":"http:\/\/www.authorityservice.com\/new\/?page_id=16"},"modified":"2025-06-17T18:12:19","modified_gmt":"2025-06-17T16:12:19","slug":"o-nas","status":"publish","type":"page","link":"https:\/\/www.authorityservice.com\/cs\/","title":{"rendered":"O n\u00e1s"},"content":{"rendered":"<p>[vc_row row_content_width=&#8220;grid&#8220; css=&#8220;.vc_custom_1750161954879{margin-right: 80px !important;margin-left: 80px !important;}&#8220;][vc_column][vc_column_text]<\/p>\n<p style=\"text-align: center;\" data-start=\"195\" data-end=\"373\">Jsme odborn\u00edci na BOZP, koordinaci staveb a po\u017e\u00e1rn\u00ed ochranu. Pom\u00e1h\u00e1me firm\u00e1m plnit z\u00e1konn\u00e9 po\u017eadavky a nastavit funguj\u00edc\u00ed syst\u00e9m, kter\u00fd chr\u00e1n\u00ed lidi, majetek i va\u0161i odpov\u011bdnost.<\/p>\n<p style=\"text-align: center;\" data-start=\"375\" data-end=\"490\">M\u00e1me zku\u0161enosti z mal\u00fdch staveb i velk\u00fdch pr\u016fmyslov\u00fdch projekt\u016f \u2013 od most\u016f a hal a\u017e po energetiku a infrastrukturu.<\/p>\n<p style=\"text-align: center;\" data-start=\"492\" data-end=\"577\">S n\u00e1mi budete m\u00edt jistotu, \u017ee v\u0161e prob\u00edh\u00e1 bezpe\u010dn\u011b, efektivn\u011b a v souladu s p\u0159edpisy.<\/p>\n<p>[\/vc_column_text][vc_column_text]<\/p>\n<h4 style=\"text-align: center;\">V\u00e1\u0161 partner pro bezpe\u010dn\u00e9 a odpov\u011bdn\u00e9 podnik\u00e1n\u00ed.<\/h4>\n<p>[\/vc_column_text][\/vc_column][\/vc_row]<\/p>\n","protected":false},"excerpt":{"rendered":"<p>[vc_row row_content_width=&#8220;grid&#8220; css=&#8220;.vc_custom_1750161954879{margin-right: 80px !important;margin-left: 80px !important;}&#8220;][vc_column][vc_column_text] Jsme odborn\u00edci na BOZP, koordinaci staveb a po\u017e\u00e1rn\u00ed ochranu. Pom\u00e1h\u00e1me firm\u00e1m plnit z\u00e1konn\u00e9 po\u017eadavky a nastavit funguj\u00edc\u00ed syst\u00e9m, kter\u00fd chr\u00e1n\u00ed lidi, majetek i va\u0161i odpov\u011bdnost. M\u00e1me zku\u0161enosti z mal\u00fdch staveb i velk\u00fdch pr\u016fmyslov\u00fdch projekt\u016f \u2013 od most\u016f a hal a\u017e po energetiku a infrastrukturu. S n\u00e1mi budete m\u00edt&hellip;&nbsp;<a href=\"https:\/\/www.authorityservice.com\/cs\/\" rel=\"bookmark\"><span class=\"screen-reader-text\">O n\u00e1s<\/span><\/a><\/p>\n","protected":false},"author":1,"featured_media":0,"parent":0,"menu_order":0,"comment_status":"closed","ping_status":"closed","template":"","meta":{"neve_meta_sidebar":"","neve_meta_container":"","neve_meta_enable_content_width":"off","neve_meta_content_width":100,"neve_meta_title_alignment":"","neve_meta_author_avatar":"","neve_post_elements_order":"","neve_meta_disable_header":"","neve_meta_disable_footer":"","neve_meta_disable_title":"","footnotes":""},"class_list":["post-16","page","type-page","status-publish","hentry"],"_links":{"self":[{"href":"https:\/\/www.authorityservice.com\/cs\/wp-json\/wp\/v2\/pages\/16","targetHints":{"allow":["GET"]}}],"collection":[{"href":"https:\/\/www.authorityservice.com\/cs\/wp-json\/wp\/v2\/pages"}],"about":[{"href":"https:\/\/www.authorityservice.com\/cs\/wp-json\/wp\/v2\/types\/page"}],"author":[{"embeddable":true,"href":"https:\/\/www.authorityservice.com\/cs\/wp-json\/wp\/v2\/users\/1"}],"replies":[{"embeddable":true,"href":"https:\/\/www.authorityservice.com\/cs\/wp-json\/wp\/v2\/comments?post=16"}],"version-history":[{"count":24,"href":"https:\/\/www.authorityservice.com\/cs\/wp-json\/wp\/v2\/pages\/16\/revisions"}],"predecessor-version":[{"id":845,"href":"https:\/\/www.authorityservice.com\/cs\/wp-json\/wp\/v2\/pages\/16\/revisions\/845"}],"wp:attachment":[{"href":"https:\/\/www.authorityservice.com\/cs\/wp-json\/wp\/v2\/media?parent=16"}],"curies":[{"name":"wp","href":"https:\/\/api.w.org\/{rel}","templated":true}]}}