{"id":12,"date":"2018-03-22T13:41:41","date_gmt":"2018-03-22T12:41:41","guid":{"rendered":"http:\/\/www.authorityservice.com\/new\/?page_id=12"},"modified":"2025-06-17T15:38:11","modified_gmt":"2025-06-17T13:38:11","slug":"kontakt","status":"publish","type":"page","link":"https:\/\/www.authorityservice.com\/cs\/kontakt\/","title":{"rendered":"Kontakt"},"content":{"rendered":"<p>[vc_row][vc_column width=&#8220;1\/2&#8243;][vc_column_text]<\/p>\n<div class=\"contact-name\" style=\"text-align: center;\"><strong>Adam Ry\u0142ko<\/strong><\/div>\n<div class=\"contact-role\" style=\"text-align: center;\">(jednatel)<\/div>\n<div class=\"contact-info\" style=\"text-align: center;\"><a href=\"mailto:rylko@authorityservice.com\" aria-label=\"Email Adam Ry\u0142ko\">rylko@authorityservice.com<\/a><\/div>\n<div class=\"contact-info\" style=\"text-align: center;\"><a href=\"tel:+420774477322\" aria-label=\"Telefon Adam Ry\u0142ko\">+420 774 477 322<\/a><\/div>\n<p>[\/vc_column_text][\/vc_column][vc_column width=&#8220;1\/2&#8243;][vc_column_text]<\/p>\n<div class=\"contact-name\" style=\"text-align: center;\"><strong>Danuta Janto\u0161ov\u00e1<\/strong><\/div>\n<div class=\"contact-role\" style=\"text-align: center;\">(asistentka)<\/div>\n<div class=\"contact-info\" style=\"text-align: center;\"><a href=\"mailto:kancelar@authorityservice.com\" aria-label=\"Email Danuta Janto\u0161ov\u00e1\">kancelar@authorityservice.com<\/a><\/div>\n<div class=\"contact-info\" style=\"text-align: center;\"><a href=\"tel:+420771126032\" aria-label=\"Telefon Danuta Janto\u0161ov\u00e1\">+420 771 126 032<\/a><\/div>\n<p>[\/vc_column_text][\/vc_column][\/vc_row][vc_row][vc_column][vc_column_text]<\/p>\n<style>\n  .service-card {<br \/>    background-color: #F6F5F2;<br \/>    padding: 20px;<br \/>    border-radius: 10px;<br \/>    box-shadow: 0 2px 8px rgba(0,0,0,0.05);<br \/>    transition: box-shadow 0.3s ease, transform 0.3s ease;<br \/>  }<br \/>  .service-card:hover {<br \/>    box-shadow: 0 8px 20px rgba(0,0,0,0.12);<br \/>    transform: translateY(-5px);<br \/>  }<br \/><\/style>\n<p><!-- Prvn\u00ed \u0159\u00e1dek --><\/p>\n<div class=\"wp-block-columns\" style=\"margin-bottom: 40px; gap: 20px;\">\n<div class=\"wp-block-column\">\n<div class=\"service-card\">\n<h3 class=\"has-text-align-center\">S\u00eddlo firmy, faktura\u010dn\u00ed adresa<\/h3>\n<p class=\"has-text-align-center\">AUTHORITY SERVICE s.r.o.<br \/>\nDoln\u00ed 3011\/88<br \/>\nOstrava \u2013 Z\u00e1b\u0159eh 700 30<br \/>\nI\u010c: 28657748<br \/>\nDI\u010c: CZ28657748.<\/p>\n<p>[\/vc_column_text][\/vc_column][\/vc_row]<\/p>\n","protected":false},"excerpt":{"rendered":"<p>[vc_row][vc_column width=&#8220;1\/2&#8243;][vc_column_text] Adam Ry\u0142ko (jednatel) rylko@authorityservice.com +420 774 477 322 [\/vc_column_text][\/vc_column][vc_column width=&#8220;1\/2&#8243;][vc_column_text] Danuta Janto\u0161ov\u00e1 (asistentka) kancelar@authorityservice.com +420 771 126 032 [\/vc_column_text][\/vc_column][\/vc_row][vc_row][vc_column][vc_column_text] S\u00eddlo firmy, faktura\u010dn\u00ed adresa AUTHORITY SERVICE s.r.o. Doln\u00ed 3011\/88 Ostrava \u2013 Z\u00e1b\u0159eh 700 30 I\u010c: 28657748 DI\u010c: CZ28657748. [\/vc_column_text][\/vc_column][\/vc_row]<\/p>\n","protected":false},"author":1,"featured_media":0,"parent":0,"menu_order":0,"comment_status":"closed","ping_status":"closed","template":"","meta":{"neve_meta_sidebar":"","neve_meta_container":"","neve_meta_enable_content_width":"off","neve_meta_content_width":100,"neve_meta_title_alignment":"","neve_meta_author_avatar":"","neve_post_elements_order":"","neve_meta_disable_header":"","neve_meta_disable_footer":"","neve_meta_disable_title":"","footnotes":""},"class_list":["post-12","page","type-page","status-publish","hentry"],"_links":{"self":[{"href":"https:\/\/www.authorityservice.com\/cs\/wp-json\/wp\/v2\/pages\/12","targetHints":{"allow":["GET"]}}],"collection":[{"href":"https:\/\/www.authorityservice.com\/cs\/wp-json\/wp\/v2\/pages"}],"about":[{"href":"https:\/\/www.authorityservice.com\/cs\/wp-json\/wp\/v2\/types\/page"}],"author":[{"embeddable":true,"href":"https:\/\/www.authorityservice.com\/cs\/wp-json\/wp\/v2\/users\/1"}],"replies":[{"embeddable":true,"href":"https:\/\/www.authorityservice.com\/cs\/wp-json\/wp\/v2\/comments?post=12"}],"version-history":[{"count":92,"href":"https:\/\/www.authorityservice.com\/cs\/wp-json\/wp\/v2\/pages\/12\/revisions"}],"predecessor-version":[{"id":821,"href":"https:\/\/www.authorityservice.com\/cs\/wp-json\/wp\/v2\/pages\/12\/revisions\/821"}],"wp:attachment":[{"href":"https:\/\/www.authorityservice.com\/cs\/wp-json\/wp\/v2\/media?parent=12"}],"curies":[{"name":"wp","href":"https:\/\/api.w.org\/{rel}","templated":true}]}}